{"id":2583,"date":"2025-04-28T07:56:56","date_gmt":"2025-04-28T07:56:56","guid":{"rendered":"https:\/\/ac-service-constanta.ro\/?page_id=2583"},"modified":"2025-04-29T07:03:36","modified_gmt":"2025-04-29T07:03:36","slug":"revizie-aer-conditionat","status":"publish","type":"page","link":"https:\/\/ac-service-constanta.ro\/index.php\/revizie-aer-conditionat\/","title":{"rendered":"REVIZIE AER CONDITIONAT"},"content":{"rendered":"\t\t<div data-elementor-type=\"wp-page\" data-elementor-id=\"2583\" class=\"elementor elementor-2583\">\n\t\t\t\t\t\t<section class=\"elementor-section elementor-top-section elementor-element elementor-element-e116d2c elementor-section-full_width elementor-section-height-default elementor-section-height-default\" data-id=\"e116d2c\" data-element_type=\"section\">\n\t\t\t\t\t\t<div class=\"elementor-container elementor-column-gap-no\">\n\t\t\t\t\t<div class=\"elementor-column elementor-col-100 elementor-top-column elementor-element elementor-element-3ad6f15\" data-id=\"3ad6f15\" data-element_type=\"column\">\n\t\t\t<div class=\"elementor-widget-wrap\">\n\t\t\t\t\t\t\t<\/div>\n\t\t<\/div>\n\t\t\t\t\t<\/div>\n\t\t<\/section>\n\t\t\t\t<section class=\"elementor-section elementor-top-section elementor-element elementor-element-d74d707 elementor-section-stretched elementor-section-full_width elementor-section-height-default elementor-section-height-default\" data-id=\"d74d707\" data-element_type=\"section\" data-settings=\"{&quot;stretch_section&quot;:&quot;section-stretched&quot;}\">\n\t\t\t\t\t\t<div class=\"elementor-container elementor-column-gap-no\">\n\t\t\t\t\t<div class=\"elementor-column elementor-col-100 elementor-top-column elementor-element elementor-element-80b849b\" data-id=\"80b849b\" data-element_type=\"column\">\n\t\t\t<div class=\"elementor-widget-wrap elementor-element-populated\">\n\t\t\t\t\t\t<div class=\"elementor-element elementor-element-fc054b5 elementor-widget elementor-widget-elec_banner_2\" data-id=\"fc054b5\" data-element_type=\"widget\" data-widget_type=\"elec_banner_2.default\">\n\t\t\t\t<div class=\"elementor-widget-container\">\n\t\t\t\t\t<section class=\"block p-100\">\r\n  <div class=\"fixed-bg bg10\"><\/div>\r\n  <div class=\"container\">\r\n    <div class=\"sep-text fl-right\">\r\n      <h2 class=\"visible-lg visible-md\"><span>Revizie Aer Condi\u021bionat Condi\u021bionat<\/span> <br>Asigur\u0103 Performan\u021ba \u0219i Durata de Via\u021b\u0103 a Aparatului T\u0103u      <\/h2>\r\n      <h2 class=\"visible-sm visible-xs\">\r\n        <span>Revizie Aer Condi\u021bionat Condi\u021bionat<\/span> <br>Asigur\u0103 Performan\u021ba \u0219i Durata de Via\u021b\u0103 a Aparatului T\u0103u      <\/h2>\r\n      <p class=\"visible-lg visible-md\">\r\n        Vrei s\u0103 te bucuri de un aer curat \u0219i un aparat de aer condi\u021bionat eficient?\nProgramarea unei revizii aer condi\u021bionat la timp \u00ee\u021bi protejeaz\u0103 s\u0103n\u0103tatea, reduce consumul de energie \u0219i previne defec\u021biunile costisitoare!      <\/p>\r\n      <p class=\"visible-sm visible-xs\">\r\n        Vrei s\u0103 te bucuri de un aer curat \u0219i un aparat de aer condi\u021bionat eficient?\nProgramarea unei revizii aer condi\u021bionat la timp \u00ee\u021bi protejeaz\u0103 s\u0103n\u0103tatea, reduce consumul de energie \u0219i previne defec\u021biunile costisitoare!      <\/p>\r\n       Incepand de la<br><span>350 Lei \/ Aparat<\/span>    <\/div>\r\n    <!--sep-text end-->\r\n  <\/div>\r\n<\/section>\r\n\t\t\t\t<\/div>\n\t\t\t\t<\/div>\n\t\t\t\t\t<\/div>\n\t\t<\/div>\n\t\t\t\t\t<\/div>\n\t\t<\/section>\n\t\t<div class=\"elementor-element elementor-element-fe576c2 e-flex e-con-boxed e-con e-parent\" data-id=\"fe576c2\" data-element_type=\"container\">\n\t\t\t\t\t<div class=\"e-con-inner\">\n\t\t\t\t<div class=\"elementor-element elementor-element-e26626d elementor-widget elementor-widget-text-editor\" data-id=\"e26626d\" data-element_type=\"widget\" data-widget_type=\"text-editor.default\">\n\t\t\t\t<div class=\"elementor-widget-container\">\n\t\t\t\t\t\t\t\t\t<div class=\"tech_ssec\">\n<h3 class=\"\" data-start=\"492\" data-end=\"538\"><\/h3>\n<ul data-start=\"668\" data-end=\"768\">\n \t<li class=\"\" data-start=\"668\" data-end=\"715\">\n<p class=\"\" data-start=\"670\" data-end=\"715\"><\/p>\n<\/li>\n \t<li class=\"\" data-start=\"716\" data-end=\"745\">\n<p class=\"\" data-start=\"718\" data-end=\"745\"><\/p>\n<\/li>\n \t<li class=\"\" data-start=\"746\" data-end=\"768\">\n<p class=\"\" data-start=\"748\" data-end=\"768\"><\/p>\n<\/li>\n<\/ul>\n<\/div>\n<div class=\"tech_ssec\">\n<h3 class=\"sc-title\">Ce include serviciul nostru de revizie aer condi\u021bionat?\n<\/h3>\n<ul class=\"wegts-links\">\n \t<li>Verificarea \u0219i cur\u0103\u021barea filtrelor de aer\n\n<\/li>\n \t<li>Verificarea nivelului de agent frigorific (freon)\n\n<\/li>\n \t<li>Inspectarea schimb\u0103torului de c\u0103ldur\u0103\n\n<\/li>\n \t<li>Cur\u0103\u021barea ventilatoarelor \u0219i a tubulaturii\n\n<\/li>\n \t<li>Diagnosticare electronic\u0103 a func\u021bion\u0103rii generale\n\n<\/li>\n\t<li>Testarea presiunii \u0219i verificarea pierderilor\n\n\n\n<\/li>\n\t<li>Cur\u0103\u021bare \u0219i dezinfectare unitate interioar\u0103 \u0219i exterioar\u0103\n\n\n\n<\/li>\n<\/ul>\n<div><span style=\"color: #555555;\">\u00a0<\/span><\/div>\n<div><span style=\"color: #555555;\">\u00a0<\/span><\/div>\n<\/div>\n<div class=\"tech_ssec\">\n<h3 class=\"sc-title\">Beneficiile unei revizii aer condi\u021bionat f\u0103cute la timp:\n<\/h3>\n<ul class=\"wegts-links\">\n \t<li>Prelunge\u0219te durata de via\u021b\u0103 a aparatului\n\n<\/li>\n \t<li>Asigur\u0103 o func\u021bionare optim\u0103 \u0219i economic\u0103\n\n<\/li>\n \t<li>\u00cembun\u0103t\u0103\u021be\u0219te calitatea aerului din \u00eenc\u0103pere\n\n<\/li>\n \t<li>Previne apari\u021bia problemelor majore \u0219i a repara\u021biilor costisitoare\n\n<\/li>\n<\/ul>\n<div><span style=\"color: #555555;\">\u00a0<\/span><\/div>\n<div><span style=\"color: #555555;\">\u00a0<\/span><\/div>\n<\/div>\n<div class=\"tech_ssec\">\n<h3 class=\"sc-title\">C\u00e2nd trebuie f\u0103cut\u0103 revizia aerului condi\u021bionat?\n<\/h3>\n<ul class=\"wegts-links\">\n \t<li>O dat\u0103 pe an, ideal \u00eenainte de sezonul cald (prim\u0103vara)\n\n<\/li>\n<li>Imediat dac\u0103 observi mirosuri nepl\u0103cute, zgomote sau func\u021bionare slab\u0103\n\n<\/li>\n<\/ul>\n\t\t\t\t\t\t\t\t<\/div>\n\t\t\t\t<\/div>\n\t\t\t\t\t<\/div>\n\t\t\t\t<\/div>\n\t\t<div class=\"elementor-element elementor-element-7823d91 e-flex e-con-boxed e-con e-parent\" data-id=\"7823d91\" data-element_type=\"container\">\n\t\t\t\t\t<div class=\"e-con-inner\">\n\t\t\t\t\t<\/div>\n\t\t\t\t<\/div>\n\t\t\t\t<\/div>\n\t\t","protected":false},"excerpt":{"rendered":"<p>Revizie Aer Condi\u021bionat Condi\u021bionat Asigur\u0103 Performan\u021ba \u0219i Durata de Via\u021b\u0103 a Aparatului T\u0103u Revizie Aer Condi\u021bionat Condi\u021bionat Asigur\u0103 Performan\u021ba \u0219i Durata de Via\u021b\u0103 a Aparatului T\u0103u Vrei s\u0103 te bucuri de un aer curat \u0219i un aparat de aer condi\u021bionat eficient? Programarea unei revizii aer condi\u021bionat la timp \u00ee\u021bi protejeaz\u0103 s\u0103n\u0103tatea, reduce consumul de energie [&hellip;]<\/p>\n","protected":false},"author":1,"featured_media":0,"parent":0,"menu_order":0,"comment_status":"closed","ping_status":"closed","template":"elementor_header_footer","meta":{"om_disable_all_campaigns":false,"_monsterinsights_skip_tracking":false,"_monsterinsights_sitenote_active":false,"_monsterinsights_sitenote_note":"","_monsterinsights_sitenote_category":0,"footnotes":""},"class_list":["post-2583","page","type-page","status-publish","hentry"],"aioseo_notices":[],"_links":{"self":[{"href":"https:\/\/ac-service-constanta.ro\/index.php\/wp-json\/wp\/v2\/pages\/2583","targetHints":{"allow":["GET"]}}],"collection":[{"href":"https:\/\/ac-service-constanta.ro\/index.php\/wp-json\/wp\/v2\/pages"}],"about":[{"href":"https:\/\/ac-service-constanta.ro\/index.php\/wp-json\/wp\/v2\/types\/page"}],"author":[{"embeddable":true,"href":"https:\/\/ac-service-constanta.ro\/index.php\/wp-json\/wp\/v2\/users\/1"}],"replies":[{"embeddable":true,"href":"https:\/\/ac-service-constanta.ro\/index.php\/wp-json\/wp\/v2\/comments?post=2583"}],"version-history":[{"count":16,"href":"https:\/\/ac-service-constanta.ro\/index.php\/wp-json\/wp\/v2\/pages\/2583\/revisions"}],"predecessor-version":[{"id":2694,"href":"https:\/\/ac-service-constanta.ro\/index.php\/wp-json\/wp\/v2\/pages\/2583\/revisions\/2694"}],"wp:attachment":[{"href":"https:\/\/ac-service-constanta.ro\/index.php\/wp-json\/wp\/v2\/media?parent=2583"}],"curies":[{"name":"wp","href":"https:\/\/api.w.org\/{rel}","templated":true}]}}