{"id":1721,"date":"2019-12-13T05:29:21","date_gmt":"2019-12-13T05:29:21","guid":{"rendered":"https:\/\/smartdata.tonytemplates.com\/electrician\/demo-3\/?page_id=1721"},"modified":"2025-04-28T06:49:47","modified_gmt":"2025-04-28T06:49:47","slug":"incarcare-freon","status":"publish","type":"page","link":"https:\/\/ac-service-constanta.ro\/index.php\/incarcare-freon\/","title":{"rendered":"INCARCARE\u00a0 FREON"},"content":{"rendered":"\t\t<div data-elementor-type=\"wp-page\" data-elementor-id=\"1721\" class=\"elementor elementor-1721\">\n\t\t\t\t\t\t<section class=\"elementor-section elementor-top-section elementor-element elementor-element-e116d2c elementor-section-full_width elementor-section-height-default elementor-section-height-default\" data-id=\"e116d2c\" data-element_type=\"section\">\n\t\t\t\t\t\t<div class=\"elementor-container elementor-column-gap-no\">\n\t\t\t\t\t<div class=\"elementor-column elementor-col-100 elementor-top-column elementor-element elementor-element-3ad6f15\" data-id=\"3ad6f15\" data-element_type=\"column\">\n\t\t\t<div class=\"elementor-widget-wrap\">\n\t\t\t\t\t\t\t<\/div>\n\t\t<\/div>\n\t\t\t\t\t<\/div>\n\t\t<\/section>\n\t\t\t\t<section class=\"elementor-section elementor-top-section elementor-element elementor-element-d74d707 elementor-section-stretched elementor-section-full_width elementor-section-height-default elementor-section-height-default\" data-id=\"d74d707\" data-element_type=\"section\" data-settings=\"{&quot;stretch_section&quot;:&quot;section-stretched&quot;}\">\n\t\t\t\t\t\t<div class=\"elementor-container elementor-column-gap-no\">\n\t\t\t\t\t<div class=\"elementor-column elementor-col-100 elementor-top-column elementor-element elementor-element-80b849b\" data-id=\"80b849b\" data-element_type=\"column\">\n\t\t\t<div class=\"elementor-widget-wrap elementor-element-populated\">\n\t\t\t\t\t\t<div class=\"elementor-element elementor-element-fc054b5 elementor-widget elementor-widget-elec_banner_2\" data-id=\"fc054b5\" data-element_type=\"widget\" data-widget_type=\"elec_banner_2.default\">\n\t\t\t\t<div class=\"elementor-widget-container\">\n\t\t\t\t\t<section class=\"block p-100\">\r\n  <div class=\"fixed-bg bg10\"><\/div>\r\n  <div class=\"container\">\r\n    <div class=\"sep-text fl-right\">\r\n      <h2 class=\"visible-lg visible-md\"><span>\u00cenc\u0103rcare Freon<\/span> <br>Servicii Profesionale pentru Sisteme de Climatizare      <\/h2>\r\n      <h2 class=\"visible-sm visible-xs\">\r\n        <span>\u00cenc\u0103rcare Freon<\/span> <br>Servicii Profesionale pentru Sisteme de Climatizare      <\/h2>\r\n      <p class=\"visible-lg visible-md\">\r\n        Cau\u021bi un service specializat \u00een \u00eenc\u0103rcare freon rapid\u0103 \u0219i eficient\u0103? Echipa noastr\u0103 \u00ee\u021bi ofer\u0103 servicii complete pentru re\u00eenc\u0103rcarea cu freon a instala\u021biilor de climatizare auto sau casnice, folosind echipamente moderne \u0219i freon de calitate superioar\u0103.      <\/p>\r\n      <p class=\"visible-sm visible-xs\">\r\n        Cau\u021bi un service specializat \u00een \u00eenc\u0103rcare freon rapid\u0103 \u0219i eficient\u0103? Echipa noastr\u0103 \u00ee\u021bi ofer\u0103 servicii complete pentru re\u00eenc\u0103rcarea cu freon a instala\u021biilor de climatizare auto sau casnice, folosind echipamente moderne \u0219i freon de calitate superioar\u0103.      <\/p>\r\n       Incepand de la<br><span>300 Lei \/ Aparat<\/span>    <\/div>\r\n    <!--sep-text end-->\r\n  <\/div>\r\n<\/section>\r\n\t\t\t\t<\/div>\n\t\t\t\t<\/div>\n\t\t\t\t\t<\/div>\n\t\t<\/div>\n\t\t\t\t\t<\/div>\n\t\t<\/section>\n\t\t<div class=\"elementor-element elementor-element-fe576c2 e-flex e-con-boxed e-con e-parent\" data-id=\"fe576c2\" data-element_type=\"container\">\n\t\t\t\t\t<div class=\"e-con-inner\">\n\t\t\t\t<div class=\"elementor-element elementor-element-32ed57b elementor-widget elementor-widget-spacer\" data-id=\"32ed57b\" data-element_type=\"widget\" data-widget_type=\"spacer.default\">\n\t\t\t\t<div class=\"elementor-widget-container\">\n\t\t\t\t\t\t\t<div class=\"elementor-spacer\">\n\t\t\t<div class=\"elementor-spacer-inner\"><\/div>\n\t\t<\/div>\n\t\t\t\t\t\t<\/div>\n\t\t\t\t<\/div>\n\t\t\t\t<div class=\"elementor-element elementor-element-e26626d elementor-widget elementor-widget-text-editor\" data-id=\"e26626d\" data-element_type=\"widget\" data-widget_type=\"text-editor.default\">\n\t\t\t\t<div class=\"elementor-widget-container\">\n\t\t\t\t\t\t\t\t\t<div class=\"tech_ssec\">\n<h3 class=\"\" data-start=\"492\" data-end=\"538\"><\/h3>\n<p class=\"\" data-start=\"539\" data-end=\"667\">Freonul este agentul frigorific care r\u0103ce\u0219te aerul din instala\u021bia ta de climatizare. O cantitate sc\u0103zut\u0103 de freon poate duce la:<\/p>\n\n<ul data-start=\"668\" data-end=\"768\">\n \t<li class=\"\" data-start=\"668\" data-end=\"715\">\n<p class=\"\" data-start=\"670\" data-end=\"715\"><\/p>\n<\/li>\n \t<li class=\"\" data-start=\"716\" data-end=\"745\">\n<p class=\"\" data-start=\"718\" data-end=\"745\"><\/p>\n<\/li>\n \t<li class=\"\" data-start=\"746\" data-end=\"768\">\n<p class=\"\" data-start=\"748\" data-end=\"768\"><\/p>\n<\/li>\n<\/ul>\n<\/div>\n<div class=\"tech_ssec\">\n<h3 class=\"sc-title\">De ce este important\u0103 \u00eenc\u0103rcarea cu freon?<\/h3>\n<ul class=\"wegts-links\">\n \t<li>uzura compresorului.<\/li>\n \t<li>consum mai mare de energie,<\/li>\n \t<li>aer condi\u021bionat care nu mai r\u0103ce\u0219te eficient,<\/li>\n<\/ul>\n<\/div>\n&nbsp;\n<div class=\"tech_ssec\">\n<h3 class=\"sc-title\">C\u00e2nd ai nevoie de \u00eenc\u0103rcare freon?<\/h3>\n<ul class=\"wegts-links\">\n \t<li>Aerul condi\u021bionat sufl\u0103 aer cald.<\/li>\n \t<li>Instala\u021bia face zgomote ciudate.<\/li>\n \t<li>Sim\u021bi mirosuri nepl\u0103cute \u00een habitaclu.<\/li>\n \t<li>Ai observat scurgeri de lichid sau presiune sc\u0103zut\u0103.<\/li>\n<\/ul>\n<\/div>\n\n <br> <br>\n<div class=\"tech_ssec\">\n<h3 class=\"sc-title\">Serviciile noastre de \u00eenc\u0103rcare freon includ:<\/h3>\n<ul class=\"wegts-links\">\n \t<li>Verificare \u0219i diagnosticare A\/C.<\/li>\n \t<li>G\u0103sire scurgeri cu UV sau presiune.<\/li>\n \t<li>\u00cenc\u0103rcare freon R134a sau R1234yf<\/li>\n \t<li>Testare presiune \u0219i performan\u021b\u0103 final\u0103.<\/li>\n<\/ul>\n<\/div>\n <br> <br>\n<div class=\"tech_ssec\">\n<h3 class=\"sc-title\">De ce s\u0103 ne alegi?<\/h3>\n<ul class=\"wegts-links\">\n \t<li>Experien\u021b\u0103 de peste 10 ani \u00een domeniu.<\/li>\n \t<li>Echipamente moderne \u0219i freon original.<\/li>\n \t<li>Garan\u021bie pentru lucrare \u0219i consultan\u021b\u0103 gratuit\u0103.<\/li>\n \t<li>Programare rapid\u0103 \u0219i pre\u021buri competitive.\n\n<\/li>\n<\/ul>\n<\/div>\n\t\t\t\t\t\t\t\t<\/div>\n\t\t\t\t<\/div>\n\t\t\t\t\t<\/div>\n\t\t\t\t<\/div>\n\t\t<div class=\"elementor-element elementor-element-7823d91 e-flex e-con-boxed e-con e-parent\" data-id=\"7823d91\" data-element_type=\"container\">\n\t\t\t\t\t<div class=\"e-con-inner\">\n\t\t\t\t\t<\/div>\n\t\t\t\t<\/div>\n\t\t\t\t<\/div>\n\t\t","protected":false},"excerpt":{"rendered":"<p>\u00cenc\u0103rcare Freon Servicii Profesionale pentru Sisteme de Climatizare \u00cenc\u0103rcare Freon Servicii Profesionale pentru Sisteme de Climatizare Cau\u021bi un service specializat \u00een \u00eenc\u0103rcare freon rapid\u0103 \u0219i eficient\u0103? Echipa noastr\u0103 \u00ee\u021bi ofer\u0103 servicii complete pentru re\u00eenc\u0103rcarea cu freon a instala\u021biilor de climatizare auto sau casnice, folosind echipamente moderne \u0219i freon de calitate superioar\u0103. Cau\u021bi un service specializat [&hellip;]<\/p>\n","protected":false},"author":1,"featured_media":0,"parent":0,"menu_order":0,"comment_status":"closed","ping_status":"closed","template":"elementor_header_footer","meta":{"om_disable_all_campaigns":false,"_monsterinsights_skip_tracking":false,"_monsterinsights_sitenote_active":false,"_monsterinsights_sitenote_note":"","_monsterinsights_sitenote_category":0,"footnotes":""},"class_list":["post-1721","page","type-page","status-publish","hentry"],"aioseo_notices":[],"_links":{"self":[{"href":"https:\/\/ac-service-constanta.ro\/index.php\/wp-json\/wp\/v2\/pages\/1721","targetHints":{"allow":["GET"]}}],"collection":[{"href":"https:\/\/ac-service-constanta.ro\/index.php\/wp-json\/wp\/v2\/pages"}],"about":[{"href":"https:\/\/ac-service-constanta.ro\/index.php\/wp-json\/wp\/v2\/types\/page"}],"author":[{"embeddable":true,"href":"https:\/\/ac-service-constanta.ro\/index.php\/wp-json\/wp\/v2\/users\/1"}],"replies":[{"embeddable":true,"href":"https:\/\/ac-service-constanta.ro\/index.php\/wp-json\/wp\/v2\/comments?post=1721"}],"version-history":[{"count":74,"href":"https:\/\/ac-service-constanta.ro\/index.php\/wp-json\/wp\/v2\/pages\/1721\/revisions"}],"predecessor-version":[{"id":2527,"href":"https:\/\/ac-service-constanta.ro\/index.php\/wp-json\/wp\/v2\/pages\/1721\/revisions\/2527"}],"wp:attachment":[{"href":"https:\/\/ac-service-constanta.ro\/index.php\/wp-json\/wp\/v2\/media?parent=1721"}],"curies":[{"name":"wp","href":"https:\/\/api.w.org\/{rel}","templated":true}]}}